{"id":35,"date":"2023-11-13T16:44:38","date_gmt":"2023-11-13T15:44:38","guid":{"rendered":"https:\/\/mlmbyeloetpat.com\/?page_id=35"},"modified":"2023-11-24T12:02:39","modified_gmt":"2023-11-24T11:02:39","slug":"a-propos","status":"publish","type":"page","link":"https:\/\/mlmbyeloetpat.com\/index.php\/a-propos\/","title":{"rendered":"A propos"},"content":{"rendered":"\t\t<div data-elementor-type=\"wp-page\" data-elementor-id=\"35\" class=\"elementor elementor-35\">\n\t\t\t\t\t\t\t<div class=\"elementor-element elementor-element-9efe9a0 e-flex e-con-boxed e-con e-parent\" data-id=\"9efe9a0\" data-element_type=\"container\" data-settings=\"{&quot;content_width&quot;:&quot;boxed&quot;}\" data-core-v316-plus=\"true\">\n\t\t\t\t\t<div class=\"e-con-inner\">\n\t\t\t\t<div class=\"elementor-element elementor-element-9d07f1f elementor-widget elementor-widget-heading\" data-id=\"9d07f1f\" data-element_type=\"widget\" data-widget_type=\"heading.default\">\n\t\t\t\t<div class=\"elementor-widget-container\">\n\t\t\t<style>\/*! elementor - v3.17.0 - 08-11-2023 *\/\n.elementor-heading-title{padding:0;margin:0;line-height:1}.elementor-widget-heading .elementor-heading-title[class*=elementor-size-]>a{color:inherit;font-size:inherit;line-height:inherit}.elementor-widget-heading .elementor-heading-title.elementor-size-small{font-size:15px}.elementor-widget-heading .elementor-heading-title.elementor-size-medium{font-size:19px}.elementor-widget-heading .elementor-heading-title.elementor-size-large{font-size:29px}.elementor-widget-heading .elementor-heading-title.elementor-size-xl{font-size:39px}.elementor-widget-heading .elementor-heading-title.elementor-size-xxl{font-size:59px}<\/style><h1 class=\"elementor-heading-title elementor-size-default\">En savoir plus sur nous<\/h1>\t\t<\/div>\n\t\t\t\t<\/div>\n\t\t\t\t\t<\/div>\n\t\t\t\t<\/div>\n\t\t<div class=\"elementor-element elementor-element-caf5b10 e-flex e-con-boxed e-con e-parent\" data-id=\"caf5b10\" data-element_type=\"container\" data-settings=\"{&quot;content_width&quot;:&quot;boxed&quot;}\" data-core-v316-plus=\"true\">\n\t\t\t\t\t<div class=\"e-con-inner\">\n\t\t<div class=\"elementor-element elementor-element-d419426 e-con-full e-flex e-con e-child\" data-id=\"d419426\" data-element_type=\"container\" data-settings=\"{&quot;content_width&quot;:&quot;full&quot;}\">\n\t\t\t\t<div class=\"elementor-element elementor-element-74577e6 elementor-widget elementor-widget-image\" data-id=\"74577e6\" data-element_type=\"widget\" data-widget_type=\"image.default\">\n\t\t\t\t<div class=\"elementor-widget-container\">\n\t\t\t<style>\/*! elementor - v3.17.0 - 08-11-2023 *\/\n.elementor-widget-image{text-align:center}.elementor-widget-image a{display:inline-block}.elementor-widget-image a img[src$=\".svg\"]{width:48px}.elementor-widget-image img{vertical-align:middle;display:inline-block}<\/style>\t\t\t\t\t\t\t\t\t\t\t\t<img fetchpriority=\"high\" decoding=\"async\" width=\"225\" height=\"300\" src=\"https:\/\/mlmbyeloetpat.com\/wp-content\/uploads\/2023\/11\/logo-site-225x300.jpg\" class=\"attachment-medium size-medium wp-image-25\" alt=\"Photo de Patrick et Elodie\" srcset=\"https:\/\/mlmbyeloetpat.com\/wp-content\/uploads\/2023\/11\/logo-site-225x300.jpg 225w, https:\/\/mlmbyeloetpat.com\/wp-content\/uploads\/2023\/11\/logo-site-600x800.jpg 600w, https:\/\/mlmbyeloetpat.com\/wp-content\/uploads\/2023\/11\/logo-site.jpg 768w\" sizes=\"(max-width: 225px) 100vw, 225px\" \/>\t\t\t\t\t\t\t\t\t\t\t\t\t\t\t<\/div>\n\t\t\t\t<\/div>\n\t\t\t\t<\/div>\n\t\t<div class=\"elementor-element elementor-element-6f8960e e-con-full e-flex e-con e-child\" data-id=\"6f8960e\" data-element_type=\"container\" data-settings=\"{&quot;content_width&quot;:&quot;full&quot;}\">\n\t\t\t\t<div class=\"elementor-element elementor-element-730c140 elementor-widget__width-initial elementor-widget elementor-widget-heading\" data-id=\"730c140\" data-element_type=\"widget\" data-widget_type=\"heading.default\">\n\t\t\t\t<div class=\"elementor-widget-container\">\n\t\t\t<h2 class=\"elementor-heading-title elementor-size-large\">A propos de nous : <\/h2>\t\t<\/div>\n\t\t\t\t<\/div>\n\t\t\t\t<div class=\"elementor-element elementor-element-9019e75 elementor-widget elementor-widget-text-editor\" data-id=\"9019e75\" data-element_type=\"widget\" data-widget_type=\"text-editor.default\">\n\t\t\t\t<div class=\"elementor-widget-container\">\n\t\t\t<style>\/*! elementor - v3.17.0 - 08-11-2023 *\/\n.elementor-widget-text-editor.elementor-drop-cap-view-stacked .elementor-drop-cap{background-color:#69727d;color:#fff}.elementor-widget-text-editor.elementor-drop-cap-view-framed .elementor-drop-cap{color:#69727d;border:3px solid;background-color:transparent}.elementor-widget-text-editor:not(.elementor-drop-cap-view-default) .elementor-drop-cap{margin-top:8px}.elementor-widget-text-editor:not(.elementor-drop-cap-view-default) .elementor-drop-cap-letter{width:1em;height:1em}.elementor-widget-text-editor .elementor-drop-cap{float:left;text-align:center;line-height:1;font-size:50px}.elementor-widget-text-editor .elementor-drop-cap-letter{display:inline-block}<\/style>\t\t\t\t<p><b>Patrick<\/b> &#8211; En tant que fondateur, je suis enthousiaste \u00e0 l&#8217;id\u00e9e d&#8217;apprendre et de grandir avec vous. Mon engagement est de partager nos exp\u00e9riences authentiques tout au long de notre parcours dans le MLM.<\/p><p><b>Elodie<\/b> &#8211; Ma compagne et collaboratrice Elodie est ma partenaire d\u00e9vou\u00e9e dans cette aventure. Ensemble, nous explorons les nuances du MLM, surmontons les obstacles et c\u00e9l\u00e9brons les petites victoires.<\/p>\t\t\t\t\t\t<\/div>\n\t\t\t\t<\/div>\n\t\t\t\t<\/div>\n\t\t\t\t\t<\/div>\n\t\t\t\t<\/div>\n\t\t<div class=\"elementor-element elementor-element-0ff21b2 e-flex e-con-boxed e-con e-parent\" data-id=\"0ff21b2\" data-element_type=\"container\" data-settings=\"{&quot;content_width&quot;:&quot;boxed&quot;}\" data-core-v316-plus=\"true\">\n\t\t\t\t\t<div class=\"e-con-inner\">\n\t\t<div class=\"elementor-element elementor-element-91e1f60 e-con-full e-flex e-con e-child\" data-id=\"91e1f60\" data-element_type=\"container\" data-settings=\"{&quot;content_width&quot;:&quot;full&quot;}\">\n\t\t<div class=\"elementor-element elementor-element-9065025 e-flex e-con-boxed e-con e-child\" data-id=\"9065025\" data-element_type=\"container\" data-settings=\"{&quot;content_width&quot;:&quot;boxed&quot;}\">\n\t\t\t\t\t<div class=\"e-con-inner\">\n\t\t\t\t<div class=\"elementor-element elementor-element-ce5711b elementor-widget-mobile__width-initial elementor-widget elementor-widget-heading\" data-id=\"ce5711b\" data-element_type=\"widget\" data-widget_type=\"heading.default\">\n\t\t\t\t<div class=\"elementor-widget-container\">\n\t\t\t<h2 class=\"elementor-heading-title elementor-size-large\">Notre parcours dans le MLM : <\/h2>\t\t<\/div>\n\t\t\t\t<\/div>\n\t\t<div class=\"elementor-element elementor-element-6830052 e-flex e-con-boxed e-con e-child\" data-id=\"6830052\" data-element_type=\"container\" data-settings=\"{&quot;content_width&quot;:&quot;boxed&quot;}\">\n\t\t\t\t\t<div class=\"e-con-inner\">\n\t\t\t\t<div class=\"elementor-element elementor-element-a34743b elementor-widget elementor-widget-text-editor\" data-id=\"a34743b\" data-element_type=\"widget\" data-widget_type=\"text-editor.default\">\n\t\t\t\t<div class=\"elementor-widget-container\">\n\t\t\t\t\t\t\t<p>Nous sommes une \u00e9quipe modeste, mais passionn\u00e9e, qui a d\u00e9cid\u00e9e de se lancer dans le MLM avec la conviction que c&#8217;est une opportunit\u00e9 unique pour r\u00e9aliser nos r\u00eaves entrepreneuriaux. Nos d\u00e9buts peuvent ne pas \u00eatres spectaculaires, mais chaque pas que nous faisons dans cette industrie nous apprend quelque chose de nouveau, et c&#8217;est cette exp\u00e9rience que nous souhaitons partager avec vous.\u00a0<\/p>\t\t\t\t\t\t<\/div>\n\t\t\t\t<\/div>\n\t\t\t\t\t<\/div>\n\t\t\t\t<\/div>\n\t\t\t\t\t<\/div>\n\t\t\t\t<\/div>\n\t\t\t\t<\/div>\n\t\t<div class=\"elementor-element elementor-element-b214047 e-con-full e-flex e-con e-child\" data-id=\"b214047\" data-element_type=\"container\" data-settings=\"{&quot;content_width&quot;:&quot;full&quot;}\">\n\t\t\t\t<div class=\"elementor-element elementor-element-6e2c26e elementor-widget elementor-widget-heading\" data-id=\"6e2c26e\" data-element_type=\"widget\" data-widget_type=\"heading.default\">\n\t\t\t\t<div class=\"elementor-widget-container\">\n\t\t\t<h2 class=\"elementor-heading-title elementor-size-large\">Notre objectif :<\/h2>\t\t<\/div>\n\t\t\t\t<\/div>\n\t\t\t\t<div class=\"elementor-element elementor-element-1469418 elementor-widget elementor-widget-text-editor\" data-id=\"1469418\" data-element_type=\"widget\" data-widget_type=\"text-editor.default\">\n\t\t\t\t<div class=\"elementor-widget-container\">\n\t\t\t\t\t\t\t<p>A travers MLM by Elodie &amp; Patrick, notre objectif est de cr\u00e9er une communaut\u00e9 bienveillante et informative o\u00f9 les d\u00e9butants comme nous peuvent trouver des conseils pratiques, des astuces et des ressources utiles pour naviguer dans le monde du MLM. Nous comprenons les d\u00e9fis auxquels sont confront\u00e9s ceux qui commencent et nous voulons grandir ensemble en partageant nos exp\u00e9riences, nos succ\u00e8s et m\u00eame nos \u00e9checs.\u00a0<\/p>\t\t\t\t\t\t<\/div>\n\t\t\t\t<\/div>\n\t\t\t\t<\/div>\n\t\t\t\t\t<\/div>\n\t\t\t\t<\/div>\n\t\t<div class=\"elementor-element elementor-element-ee2ed33 e-flex e-con-boxed e-con e-parent\" data-id=\"ee2ed33\" data-element_type=\"container\" data-settings=\"{&quot;content_width&quot;:&quot;boxed&quot;}\" data-core-v316-plus=\"true\">\n\t\t\t\t\t<div class=\"e-con-inner\">\n\t\t\t\t<div class=\"elementor-element elementor-element-e6dd9fa elementor-widget elementor-widget-heading\" data-id=\"e6dd9fa\" data-element_type=\"widget\" data-widget_type=\"heading.default\">\n\t\t\t\t<div class=\"elementor-widget-container\">\n\t\t\t<h2 class=\"elementor-heading-title elementor-size-large\">Ce que vous trouverez ici : <\/h2>\t\t<\/div>\n\t\t\t\t<\/div>\n\t\t\t\t<div class=\"elementor-element elementor-element-4dabcf2 elementor-widget__width-inherit elementor-widget elementor-widget-text-editor\" data-id=\"4dabcf2\" data-element_type=\"widget\" data-widget_type=\"text-editor.default\">\n\t\t\t\t<div class=\"elementor-widget-container\">\n\t\t\t\t\t\t\t<ul><li><b>Chroniques d\u00e9butantes<\/b> : Suivez notre parcours, d\u00e9couvrez les le\u00e7ons que nous apprenons en cours de route et partagez vos propres exp\u00e9riences avec nous.<\/li><li><b>Conseils pratiques<\/b> : Explorez nos conseils pratiques pour d\u00e9velopper votre r\u00e9seau, am\u00e9liorer vos comp\u00e9tences en marketing et atteindre vos objectifs MLM.<\/li><li><b>Ressources sinc\u00e8re<\/b>s : Nous partageons des ressources que nous trouvons utiles, des livres inspirants aux outils pratiques qui peuvent aider \u00e0 stimuler votre entreprise MLM.<\/li><\/ul>\t\t\t\t\t\t<\/div>\n\t\t\t\t<\/div>\n\t\t\t\t\t<\/div>\n\t\t\t\t<\/div>\n\t\t<div class=\"elementor-element elementor-element-5b0c984 e-flex e-con-boxed e-con e-parent\" data-id=\"5b0c984\" data-element_type=\"container\" data-settings=\"{&quot;content_width&quot;:&quot;boxed&quot;}\" data-core-v316-plus=\"true\">\n\t\t\t\t\t<div class=\"e-con-inner\">\n\t\t\t\t\t<\/div>\n\t\t\t\t<\/div>\n\t\t\t\t\t\t\t<\/div>\n\t\t","protected":false},"excerpt":{"rendered":"<p>En savoir plus sur nous A propos de nous : Patrick &#8211; En tant que fondateur, je suis enthousiaste \u00e0 l&#8217;id\u00e9e d&#8217;apprendre et de grandir avec vous. Mon engagement est de partager nos exp\u00e9riences authentiques tout au long de notre parcours dans le MLM. Elodie &#8211; Ma compagne et collaboratrice [&hellip;]<\/p>\n","protected":false},"author":1,"featured_media":0,"parent":0,"menu_order":0,"comment_status":"closed","ping_status":"closed","template":"page-templates\/template-pagebuilder-full-width.php","meta":{"_monsterinsights_skip_tracking":false,"_monsterinsights_sitenote_active":false,"_monsterinsights_sitenote_note":"","_monsterinsights_sitenote_category":0,"footnotes":""},"aioseo_notices":[],"_links":{"self":[{"href":"https:\/\/mlmbyeloetpat.com\/index.php\/wp-json\/wp\/v2\/pages\/35"}],"collection":[{"href":"https:\/\/mlmbyeloetpat.com\/index.php\/wp-json\/wp\/v2\/pages"}],"about":[{"href":"https:\/\/mlmbyeloetpat.com\/index.php\/wp-json\/wp\/v2\/types\/page"}],"author":[{"embeddable":true,"href":"https:\/\/mlmbyeloetpat.com\/index.php\/wp-json\/wp\/v2\/users\/1"}],"replies":[{"embeddable":true,"href":"https:\/\/mlmbyeloetpat.com\/index.php\/wp-json\/wp\/v2\/comments?post=35"}],"version-history":[{"count":7,"href":"https:\/\/mlmbyeloetpat.com\/index.php\/wp-json\/wp\/v2\/pages\/35\/revisions"}],"predecessor-version":[{"id":110,"href":"https:\/\/mlmbyeloetpat.com\/index.php\/wp-json\/wp\/v2\/pages\/35\/revisions\/110"}],"wp:attachment":[{"href":"https:\/\/mlmbyeloetpat.com\/index.php\/wp-json\/wp\/v2\/media?parent=35"}],"curies":[{"name":"wp","href":"https:\/\/api.w.org\/{rel}","templated":true}]}}